{"id":26,"date":"2021-11-09T15:30:04","date_gmt":"2021-11-09T14:30:04","guid":{"rendered":"https:\/\/luchohler.com\/accesstowater\/?page_id=26"},"modified":"2025-01-07T14:58:57","modified_gmt":"2025-01-07T13:58:57","slug":"actualites","status":"publish","type":"page","link":"https:\/\/accesstowaterfoundation.org\/en_en\/actualites\/","title":{"rendered":"Actualit\u00e9s"},"content":{"rendered":"<div data-elementor-type=\"wp-page\" data-elementor-id=\"26\" class=\"elementor elementor-26\" data-elementor-post-type=\"page\">\n\t\t\t\t\t\t<section class=\"elementor-section elementor-top-section elementor-element elementor-element-ba3b38b elementor-section-boxed elementor-section-height-default elementor-section-height-default\" data-id=\"ba3b38b\" data-element_type=\"section\" data-e-type=\"section\">\n\t\t\t\t\t\t<div class=\"elementor-container elementor-column-gap-default\">\n\t\t\t\t\t<div class=\"elementor-column elementor-col-100 elementor-top-column elementor-element elementor-element-fc454a3\" data-id=\"fc454a3\" data-element_type=\"column\" data-e-type=\"column\">\n\t\t\t<div class=\"elementor-widget-wrap elementor-element-populated\">\n\t\t\t\t\t\t<section class=\"elementor-section elementor-inner-section elementor-element elementor-element-112944a elementor-section-boxed elementor-section-height-default elementor-section-height-default\" data-id=\"112944a\" data-element_type=\"section\" data-e-type=\"section\">\n\t\t\t\t\t\t<div class=\"elementor-container elementor-column-gap-default\">\n\t\t\t\t\t<div class=\"elementor-column elementor-col-50 elementor-inner-column elementor-element elementor-element-984666e\" data-id=\"984666e\" data-element_type=\"column\" data-e-type=\"column\">\n\t\t\t<div class=\"elementor-widget-wrap elementor-element-populated\">\n\t\t\t\t\t\t<div class=\"elementor-element elementor-element-d56dd4b animated-fast elementor-invisible elementor-widget elementor-widget-heading\" data-id=\"d56dd4b\" data-element_type=\"widget\" data-e-type=\"widget\" data-settings=\"{&quot;_animation&quot;:&quot;fadeIn&quot;,&quot;_animation_tablet&quot;:&quot;none&quot;}\" data-widget_type=\"heading.default\">\n\t\t\t\t<div class=\"elementor-widget-container\">\n\t\t\t\t\t<h1 class=\"elementor-heading-title elementor-size-default\">Actualit\u00e9s<\/h1>\t\t\t\t<\/div>\n\t\t\t\t<\/div>\n\t\t\t\t<div class=\"elementor-element elementor-element-f8da675 elementor-position-left elementor-vertical-align-top elementor-widget elementor-widget-image-box\" data-id=\"f8da675\" data-element_type=\"widget\" data-e-type=\"widget\" data-widget_type=\"image-box.default\">\n\t\t\t\t<div class=\"elementor-widget-container\">\n\t\t\t\t\t<div class=\"elementor-image-box-wrapper\"><figure class=\"elementor-image-box-img\"><a href=\"https:\/\/accesstowaterfoundation.org\/wp-content\/uploads\/2025\/01\/Newsletter-mars-2024.pdf\" target=\"_blank\" tabindex=\"-1\"><img fetchpriority=\"high\" decoding=\"async\" width=\"377\" height=\"377\" src=\"https:\/\/accesstowaterfoundation.org\/wp-content\/uploads\/2021\/11\/news.svg\" class=\"attachment-full size-full wp-image-1778\" alt=\"Actualit\u00e9s\" \/><\/a><\/figure><div class=\"elementor-image-box-content\"><h4 class=\"elementor-image-box-title\"><a href=\"https:\/\/accesstowaterfoundation.org\/wp-content\/uploads\/2025\/01\/Newsletter-mars-2024.pdf\" target=\"_blank\">Newsletter: 22\/03\/2024<\/a><\/h4><p class=\"elementor-image-box-description\"><a target=\"_blank\" href=\"https:\/\/accesstowaterfoundation.org\/wp-content\/uploads\/2025\/01\/Newsletter-mars-2024.pdf\">Journ\u00e9e Mondiale de l\u2019Eau<\/a><\/p><\/div><\/div>\t\t\t\t<\/div>\n\t\t\t\t<\/div>\n\t\t\t\t<div class=\"elementor-element elementor-element-85b6b3c elementor-position-left elementor-vertical-align-top elementor-widget elementor-widget-image-box\" data-id=\"85b6b3c\" data-element_type=\"widget\" data-e-type=\"widget\" data-widget_type=\"image-box.default\">\n\t\t\t\t<div class=\"elementor-widget-container\">\n\t\t\t\t\t<div class=\"elementor-image-box-wrapper\"><figure class=\"elementor-image-box-img\"><a href=\"https:\/\/accesstowaterfoundation.org\/wp-content\/uploads\/2023\/03\/Communique-de-presse.pdf\" target=\"_blank\" tabindex=\"-1\"><img fetchpriority=\"high\" decoding=\"async\" width=\"377\" height=\"377\" src=\"https:\/\/accesstowaterfoundation.org\/wp-content\/uploads\/2021\/11\/news.svg\" class=\"attachment-full size-full wp-image-1778\" alt=\"Actualit\u00e9s\" \/><\/a><\/figure><div class=\"elementor-image-box-content\"><h4 class=\"elementor-image-box-title\"><a href=\"https:\/\/accesstowaterfoundation.org\/wp-content\/uploads\/2023\/03\/Communique-de-presse.pdf\" target=\"_blank\">Communiqu\u00e9 de presse: 09\/03\/2023<\/a><\/h4><p class=\"elementor-image-box-description\"><a target=\"_blank\" href=\"https:\/\/accesstowaterfoundation.org\/wp-content\/uploads\/2023\/03\/Communique-de-presse.pdf\">Dakar le 09.03.2023<\/a><\/p><\/div><\/div>\t\t\t\t<\/div>\n\t\t\t\t<\/div>\n\t\t\t\t<div class=\"elementor-element elementor-element-e661526 elementor-position-left elementor-vertical-align-top elementor-widget elementor-widget-image-box\" data-id=\"e661526\" data-element_type=\"widget\" data-e-type=\"widget\" data-widget_type=\"image-box.default\">\n\t\t\t\t<div class=\"elementor-widget-container\">\n\t\t\t\t\t<div class=\"elementor-image-box-wrapper\"><figure class=\"elementor-image-box-img\"><a href=\"https:\/\/accesstowaterfoundation.org\/wp-content\/uploads\/2021\/12\/13_12_2021-Access-to-Water-Foundation_French.pdf\" target=\"_blank\" tabindex=\"-1\"><img fetchpriority=\"high\" decoding=\"async\" width=\"377\" height=\"377\" src=\"https:\/\/accesstowaterfoundation.org\/wp-content\/uploads\/2021\/11\/news.svg\" class=\"attachment-full size-full wp-image-1778\" alt=\"Actualit\u00e9s\" \/><\/a><\/figure><div class=\"elementor-image-box-content\"><h4 class=\"elementor-image-box-title\"><a href=\"https:\/\/accesstowaterfoundation.org\/wp-content\/uploads\/2021\/12\/13_12_2021-Access-to-Water-Foundation_French.pdf\" target=\"_blank\">Communiqu\u00e9 de presse: 13\/12\/2021<\/a><\/h4><p class=\"elementor-image-box-description\"><a target=\"_blank\" href=\"https:\/\/accesstowaterfoundation.org\/wp-content\/uploads\/2021\/12\/13_12_2021-Access-to-Water-Foundation_French.pdf\">Astrocast et A2W signe un partenariat<\/a><\/p><\/div><\/div>\t\t\t\t<\/div>\n\t\t\t\t<\/div>\n\t\t\t\t<div class=\"elementor-element elementor-element-5338d8e elementor-position-left elementor-vertical-align-top elementor-widget elementor-widget-image-box\" data-id=\"5338d8e\" data-element_type=\"widget\" data-e-type=\"widget\" data-widget_type=\"image-box.default\">\n\t\t\t\t<div class=\"elementor-widget-container\">\n\t\t\t\t\t<div class=\"elementor-image-box-wrapper\"><figure class=\"elementor-image-box-img\"><a href=\"https:\/\/accesstowaterfoundation.org\/wp-content\/uploads\/2021\/12\/Lombard-Odier-sassocie-a\u0300-A2W-pour-une-nouvelle-solution-a\u0300-impact-22.07.21.pdf\" target=\"_blank\" tabindex=\"-1\"><img fetchpriority=\"high\" decoding=\"async\" width=\"377\" height=\"377\" src=\"https:\/\/accesstowaterfoundation.org\/wp-content\/uploads\/2021\/11\/news.svg\" class=\"attachment-full size-full wp-image-1778\" alt=\"Actualit\u00e9s\" \/><\/a><\/figure><div class=\"elementor-image-box-content\"><h4 class=\"elementor-image-box-title\"><a href=\"https:\/\/accesstowaterfoundation.org\/wp-content\/uploads\/2021\/12\/Lombard-Odier-sassocie-a\u0300-A2W-pour-une-nouvelle-solution-a\u0300-impact-22.07.21.pdf\" target=\"_blank\">Communiqu\u00e9 de presse: 22\/07\/2021<\/a><\/h4><p class=\"elementor-image-box-description\"><a target=\"_blank\" href=\"https:\/\/accesstowaterfoundation.org\/wp-content\/uploads\/2021\/12\/Lombard-Odier-sassocie-a\u0300-A2W-pour-une-nouvelle-solution-a\u0300-impact-22.07.21.pdf\">Lombard Odier et A2W signe un partenariat<\/a><\/p><\/div><\/div>\t\t\t\t<\/div>\n\t\t\t\t<\/div>\n\t\t\t\t<div class=\"elementor-element elementor-element-5382091 elementor-hidden-desktop elementor-hidden-tablet elementor-hidden-mobile elementor-widget elementor-widget-text-editor\" data-id=\"5382091\" data-element_type=\"widget\" data-e-type=\"widget\" data-widget_type=\"text-editor.default\">\n\t\t\t\t<div class=\"elementor-widget-container\">\n\t\t\t\t\t\t\t\t\t<p>Merci pour l\u2019int\u00e9r\u00eat que vous portez aux actualit\u00e9s de la fondation A2W. <br \/>Vous trouverez sur cette page\u00a0:<\/p><ol><li>Un graphique avec en orange nos objectifs de nombre de personnes disposant d\u2019un acc\u00e8s \u00e0 de l\u2019eau potable gr\u00e2ce \u00e0 A2W d\u2019ici mars 2024 et en bleu la situation actuelle.<\/li><li>Les communiqu\u00e9s de presse publi\u00e9s au sujet de la fondation.<\/li><li>Les parutions Instagram mises \u00e0 jour environ le 15 de chaque mois.<\/li><\/ol><p class=\"p1\">Bonne lecture et \u00e0 bient\u00f4t,<br \/>Le team A2W<\/p>\t\t\t\t\t\t\t\t<\/div>\n\t\t\t\t<\/div>\n\t\t\t\t\t<\/div>\n\t\t<\/div>\n\t\t\t\t<div class=\"elementor-column elementor-col-50 elementor-inner-column elementor-element elementor-element-95731b8 elementor-hidden-mobile\" data-id=\"95731b8\" data-element_type=\"column\" data-e-type=\"column\">\n\t\t\t<div class=\"elementor-widget-wrap elementor-element-populated\">\n\t\t\t\t\t\t<div class=\"elementor-element elementor-element-a35c802 elementor-hidden-mobile elementor-invisible elementor-widget elementor-widget-image\" data-id=\"a35c802\" data-element_type=\"widget\" data-e-type=\"widget\" data-settings=\"{&quot;_animation&quot;:&quot;fadeInRight&quot;,&quot;_animation_tablet&quot;:&quot;none&quot;,&quot;_animation_delay&quot;:0}\" data-widget_type=\"image.default\">\n\t\t\t\t<div class=\"elementor-widget-container\">\n\t\t\t\t\t\t\t\t\t\t\t\t\t\t\t<img fetchpriority=\"high\" decoding=\"async\" width=\"377\" height=\"377\" src=\"https:\/\/accesstowaterfoundation.org\/wp-content\/uploads\/2021\/11\/news.svg\" class=\"attachment-full size-full wp-image-1778\" alt=\"Actualit\u00e9s\" \/>\t\t\t\t\t\t\t\t\t\t\t\t\t\t\t<\/div>\n\t\t\t\t<\/div>\n\t\t\t\t\t<\/div>\n\t\t<\/div>\n\t\t\t\t\t<\/div>\n\t\t<\/section>\n\t\t\t\t\t<\/div>\n\t\t<\/div>\n\t\t\t\t\t<\/div>\n\t\t<\/section>\n\t\t\t\t<section class=\"elementor-section elementor-top-section elementor-element elementor-element-3578539 elementor-hidden-desktop elementor-hidden-tablet elementor-hidden-mobile elementor-section-boxed elementor-section-height-default elementor-section-height-default\" data-id=\"3578539\" data-element_type=\"section\" data-e-type=\"section\">\n\t\t\t\t\t\t<div class=\"elementor-container elementor-column-gap-default\">\n\t\t\t\t\t<div class=\"elementor-column elementor-col-100 elementor-top-column elementor-element elementor-element-cfae790\" data-id=\"cfae790\" data-element_type=\"column\" data-e-type=\"column\">\n\t\t\t<div class=\"elementor-widget-wrap elementor-element-populated\">\n\t\t\t\t\t\t<section class=\"elementor-section elementor-inner-section elementor-element elementor-element-843f701 elementor-section-boxed elementor-section-height-default elementor-section-height-default\" data-id=\"843f701\" data-element_type=\"section\" data-e-type=\"section\">\n\t\t\t\t\t\t<div class=\"elementor-container elementor-column-gap-default\">\n\t\t\t\t\t<div class=\"elementor-column elementor-col-50 elementor-inner-column elementor-element elementor-element-755eedb\" data-id=\"755eedb\" data-element_type=\"column\" data-e-type=\"column\">\n\t\t\t<div class=\"elementor-widget-wrap elementor-element-populated\">\n\t\t\t\t\t\t<div class=\"elementor-element elementor-element-0b3720e elementor-widget elementor-widget-image\" data-id=\"0b3720e\" data-element_type=\"widget\" data-e-type=\"widget\" data-widget_type=\"image.default\">\n\t\t\t\t<div class=\"elementor-widget-container\">\n\t\t\t\t\t\t\t\t\t\t\t\t\t\t\t<img decoding=\"async\" width=\"1112\" height=\"842\" src=\"https:\/\/accesstowaterfoundation.org\/wp-content\/uploads\/2023\/04\/Forecast-people-2lit-day-1.webp\" class=\"attachment-full size-full wp-image-3524\" alt=\"Forecast people 2lit\/day\" srcset=\"https:\/\/accesstowaterfoundation.org\/wp-content\/uploads\/2023\/04\/Forecast-people-2lit-day-1.webp 1112w, https:\/\/accesstowaterfoundation.org\/wp-content\/uploads\/2023\/04\/Forecast-people-2lit-day-1-300x227.webp 300w, https:\/\/accesstowaterfoundation.org\/wp-content\/uploads\/2023\/04\/Forecast-people-2lit-day-1-1024x775.webp 1024w, https:\/\/accesstowaterfoundation.org\/wp-content\/uploads\/2023\/04\/Forecast-people-2lit-day-1-768x582.webp 768w, https:\/\/accesstowaterfoundation.org\/wp-content\/uploads\/2023\/04\/Forecast-people-2lit-day-1-16x12.webp 16w, https:\/\/accesstowaterfoundation.org\/wp-content\/uploads\/2023\/04\/Forecast-people-2lit-day-1-594x450.webp 594w\" sizes=\"(max-width: 1112px) 100vw, 1112px\" \/>\t\t\t\t\t\t\t\t\t\t\t\t\t\t\t<\/div>\n\t\t\t\t<\/div>\n\t\t\t\t\t<\/div>\n\t\t<\/div>\n\t\t\t\t<div class=\"elementor-column elementor-col-50 elementor-inner-column elementor-element elementor-element-48bf131\" data-id=\"48bf131\" data-element_type=\"column\" data-e-type=\"column\">\n\t\t\t<div class=\"elementor-widget-wrap\">\n\t\t\t\t\t\t\t<\/div>\n\t\t<\/div>\n\t\t\t\t\t<\/div>\n\t\t<\/section>\n\t\t\t\t\t<\/div>\n\t\t<\/div>\n\t\t\t\t\t<\/div>\n\t\t<\/section>\n\t\t\t\t<section class=\"elementor-section elementor-top-section elementor-element elementor-element-f80ff17 elementor-section-boxed elementor-section-height-default elementor-section-height-default\" data-id=\"f80ff17\" data-element_type=\"section\" data-e-type=\"section\">\n\t\t\t\t\t\t<div class=\"elementor-container elementor-column-gap-default\">\n\t\t\t\t\t<div class=\"elementor-column elementor-col-100 elementor-top-column elementor-element elementor-element-fccfa1b\" data-id=\"fccfa1b\" data-element_type=\"column\" data-e-type=\"column\">\n\t\t\t<div class=\"elementor-widget-wrap elementor-element-populated\">\n\t\t\t\t\t\t<section class=\"elementor-section elementor-inner-section elementor-element elementor-element-3d737a7 elementor-section-boxed elementor-section-height-default elementor-section-height-default\" data-id=\"3d737a7\" data-element_type=\"section\" data-e-type=\"section\">\n\t\t\t\t\t\t<div class=\"elementor-container elementor-column-gap-default\">\n\t\t\t\t\t<div class=\"elementor-column elementor-col-100 elementor-inner-column elementor-element elementor-element-021a038\" data-id=\"021a038\" data-element_type=\"column\" data-e-type=\"column\">\n\t\t\t<div class=\"elementor-widget-wrap elementor-element-populated\">\n\t\t\t\t\t\t<div class=\"elementor-element elementor-element-b73f385 elementor-widget elementor-widget-heading\" data-id=\"b73f385\" data-element_type=\"widget\" data-e-type=\"widget\" data-widget_type=\"heading.default\">\n\t\t\t\t<div class=\"elementor-widget-container\">\n\t\t\t\t\t<h3 class=\"elementor-heading-title elementor-size-medium\">Les derni\u00e8res actualit\u00e9s de Access To Water.<\/h3>\t\t\t\t<\/div>\n\t\t\t\t<\/div>\n\t\t\t\t\t<\/div>\n\t\t<\/div>\n\t\t\t\t\t<\/div>\n\t\t<\/section>\n\t\t\t\t\t<\/div>\n\t\t<\/div>\n\t\t\t\t\t<\/div>\n\t\t<\/section>\n\t\t\t\t<section class=\"elementor-section elementor-top-section elementor-element elementor-element-2d3f682 elementor-section-boxed elementor-section-height-default elementor-section-height-default\" data-id=\"2d3f682\" data-element_type=\"section\" data-e-type=\"section\">\n\t\t\t\t\t\t<div class=\"elementor-container elementor-column-gap-default\">\n\t\t\t\t\t<div class=\"elementor-column elementor-col-100 elementor-top-column elementor-element elementor-element-2e226d3\" data-id=\"2e226d3\" data-element_type=\"column\" data-e-type=\"column\">\n\t\t\t<div class=\"elementor-widget-wrap elementor-element-populated\">\n\t\t\t\t\t\t<section class=\"elementor-section elementor-inner-section elementor-element elementor-element-bd8869d elementor-section-boxed elementor-section-height-default elementor-section-height-default\" data-id=\"bd8869d\" data-element_type=\"section\" data-e-type=\"section\">\n\t\t\t\t\t\t<div class=\"elementor-container elementor-column-gap-default\">\n\t\t\t\t\t<div class=\"elementor-column elementor-col-100 elementor-inner-column elementor-element elementor-element-7789a30\" data-id=\"7789a30\" data-element_type=\"column\" data-e-type=\"column\">\n\t\t\t<div class=\"elementor-widget-wrap elementor-element-populated\">\n\t\t\t\t\t\t<div class=\"elementor-element elementor-element-db6c0b0 elementor-widget elementor-widget-shortcode\" data-id=\"db6c0b0\" data-element_type=\"widget\" data-e-type=\"widget\" data-widget_type=\"shortcode.default\">\n\t\t\t\t<div class=\"elementor-widget-container\">\n\t\t\t\t\t\t\t<div class=\"elementor-shortcode\">\t\t<div id=\"instagram-gallery-feed-0\" class=\"instagram-gallery-feed\" data-feed=\"{&quot;id&quot;:0,&quot;account_id&quot;:&quot;4779198032160584&quot;,&quot;source&quot;:&quot;username&quot;,&quot;tag&quot;:&quot;wordpress&quot;,&quot;order_by&quot;:&quot;top_media&quot;,&quot;layout&quot;:&quot;gallery&quot;,&quot;limit&quot;:12,&quot;columns&quot;:3,&quot;spacing&quot;:10,&quot;lazy&quot;:false,&quot;responsive&quot;:{&quot;desktop&quot;:{&quot;columns&quot;:3,&quot;spacing&quot;:10},&quot;tablet&quot;:{&quot;columns&quot;:2,&quot;spacing&quot;:8},&quot;mobile&quot;:{&quot;columns&quot;:1,&quot;spacing&quot;:6},&quot;breakpoints&quot;:{&quot;tablet&quot;:768,&quot;mobile&quot;:480}},&quot;aspect_ratio&quot;:{&quot;width&quot;:1,&quot;height&quot;:1},&quot;highlight&quot;:{&quot;tag&quot;:&quot;&quot;,&quot;id&quot;:&quot;&quot;,&quot;position&quot;:&quot;1,3,5&quot;},&quot;reel&quot;:{&quot;hide&quot;:true},&quot;copyright&quot;:{&quot;hide&quot;:false,&quot;placeholder&quot;:&quot;&quot;},&quot;profile&quot;:{&quot;display&quot;:false,&quot;username&quot;:&quot;&quot;,&quot;nickname&quot;:&quot;&quot;,&quot;website&quot;:&quot;&quot;,&quot;biography&quot;:&quot;&quot;,&quot;link_text&quot;:&quot;Follow&quot;,&quot;website_text&quot;:&quot;Website&quot;,&quot;avatar&quot;:&quot;&quot;},&quot;box&quot;:{&quot;display&quot;:false,&quot;padding&quot;:1,&quot;radius&quot;:0,&quot;background&quot;:&quot;#fefefe&quot;,&quot;profile&quot;:false,&quot;desc&quot;:&quot;&quot;,&quot;text_color&quot;:&quot;#000000&quot;},&quot;mask&quot;:{&quot;display&quot;:true,&quot;background&quot;:&quot;#2716de85&quot;,&quot;icon_color&quot;:&quot;#ffffff&quot;,&quot;likes_count&quot;:true,&quot;comments_count&quot;:true},&quot;card&quot;:{&quot;display&quot;:false,&quot;radius&quot;:1,&quot;font_size&quot;:12,&quot;background&quot;:&quot;#ffffff&quot;,&quot;background_hover&quot;:&quot;&quot;,&quot;text_color&quot;:&quot;#000000&quot;,&quot;padding&quot;:5,&quot;likes_count&quot;:true,&quot;text_length&quot;:10,&quot;comments_count&quot;:true,&quot;text_align&quot;:&quot;left&quot;},&quot;carousel&quot;:{&quot;centered_slides&quot;:false,&quot;autoplay&quot;:false,&quot;autoplay_interval&quot;:3000,&quot;navarrows&quot;:true,&quot;navarrows_color&quot;:&quot;&quot;,&quot;pagination&quot;:true,&quot;pagination_color&quot;:&quot;&quot;},&quot;modal&quot;:{&quot;display&quot;:true,&quot;profile&quot;:true,&quot;media_description&quot;:true,&quot;likes_count&quot;:true,&quot;comments_count&quot;:true,&quot;comments_list&quot;:false,&quot;text_align&quot;:&quot;left&quot;,&quot;modal_align&quot;:&quot;right&quot;,&quot;text_length&quot;:10000,&quot;font_size&quot;:12},&quot;button&quot;:{&quot;display&quot;:true,&quot;text&quot;:&quot;View on Instagram&quot;,&quot;text_color&quot;:&quot;#ffff&quot;,&quot;background&quot;:&quot;&quot;,&quot;background_hover&quot;:&quot;&quot;},&quot;button_load&quot;:{&quot;display&quot;:false,&quot;text&quot;:&quot;Load more...&quot;,&quot;text_color&quot;:&quot;#ffff&quot;,&quot;background&quot;:&quot;&quot;,&quot;background_hover&quot;:&quot;&quot;}}\">\n\t\t<!-- <FeedContainer\/> -->\n\t\t<\/div>\n\t\t<\/div>\n\t\t\t\t\t\t<\/div>\n\t\t\t\t<\/div>\n\t\t\t\t\t<\/div>\n\t\t<\/div>\n\t\t\t\t\t<\/div>\n\t\t<\/section>\n\t\t\t\t\t<\/div>\n\t\t<\/div>\n\t\t\t\t\t<\/div>\n\t\t<\/section>\n\t\t\t\t<\/div>","protected":false},"excerpt":{"rendered":"<p>Actualit\u00e9s Newsletter: 22\/03\/2024 Journ\u00e9e Mondiale de l\u2019Eau Communiqu\u00e9 de presse: 09\/03\/2023 Dakar le 09.03.2023 Communiqu\u00e9 de presse: 13\/12\/2021 Astrocast et A2W signe un partenariat Communiqu\u00e9 de presse: 22\/07\/2021 Lombard Odier et A2W signe un partenariat Merci pour l\u2019int\u00e9r\u00eat que vous portez aux actualit\u00e9s de la fondation A2W. Vous trouverez sur cette page\u00a0: Un graphique avec [&hellip;]<\/p>\n","protected":false},"author":1,"featured_media":0,"parent":0,"menu_order":0,"comment_status":"closed","ping_status":"closed","template":"","meta":{"_acf_changed":false,"footnotes":""},"class_list":["post-26","page","type-page","status-publish","hentry"],"acf":[],"_links":{"self":[{"href":"https:\/\/accesstowaterfoundation.org\/en_en\/wp-json\/wp\/v2\/pages\/26","targetHints":{"allow":["GET"]}}],"collection":[{"href":"https:\/\/accesstowaterfoundation.org\/en_en\/wp-json\/wp\/v2\/pages"}],"about":[{"href":"https:\/\/accesstowaterfoundation.org\/en_en\/wp-json\/wp\/v2\/types\/page"}],"author":[{"embeddable":true,"href":"https:\/\/accesstowaterfoundation.org\/en_en\/wp-json\/wp\/v2\/users\/1"}],"replies":[{"embeddable":true,"href":"https:\/\/accesstowaterfoundation.org\/en_en\/wp-json\/wp\/v2\/comments?post=26"}],"version-history":[{"count":173,"href":"https:\/\/accesstowaterfoundation.org\/en_en\/wp-json\/wp\/v2\/pages\/26\/revisions"}],"predecessor-version":[{"id":3683,"href":"https:\/\/accesstowaterfoundation.org\/en_en\/wp-json\/wp\/v2\/pages\/26\/revisions\/3683"}],"wp:attachment":[{"href":"https:\/\/accesstowaterfoundation.org\/en_en\/wp-json\/wp\/v2\/media?parent=26"}],"curies":[{"name":"wp","href":"https:\/\/api.w.org\/{rel}","templated":true}]}}